{"id":98,"date":"2022-05-12T07:45:35","date_gmt":"2022-05-12T07:45:35","guid":{"rendered":"https:\/\/ctlevante.es\/?page_id=98"},"modified":"2022-09-02T01:51:16","modified_gmt":"2022-09-02T01:51:16","slug":"precios-fenatport","status":"publish","type":"page","link":"https:\/\/ctlevante.es\/?page_id=98","title":{"rendered":"Precios Fenatport"},"content":{"rendered":"\n<div class=\"wp-block-columns is-layout-flex wp-container-core-columns-is-layout-28f84493 wp-block-columns-is-layout-flex\">\n<div class=\"wp-block-column is-layout-flow wp-block-column-is-layout-flow\" style=\"flex-basis:100%\">\n<figure class=\"wp-block-table is-style-regular has-medium-font-size\"><table><tbody><tr><td class=\"has-text-align-center\" data-align=\"center\"><strong>Notificaci\u00f3n de precios<br>FENATPORT<\/strong><br><\/td><td>           <img decoding=\"async\" src=\"https:\/\/image.s10.sfmc-content.com\/lib\/fe4015707564077f751273\/m\/1\/02b7501b-c3f4-4a1d-94e3-0f7a5cf29ab8.gif\" width=\"20\" height=\"89\"><\/td><td><img decoding=\"async\" src=\"https:\/\/image.s10.sfmc-content.com\/lib\/fe4015707564077f751273\/m\/1\/8d00147c-3b30-4cbd-84ad-279be0b512df.gif\" alt=\"logo repsol\" width=\"90\" height=\"75\">                 <\/td><\/tr><\/tbody><\/table><\/figure>\n<\/div>\n<\/div>\n\n\n\n<figure class=\"wp-block-table\"><table><tbody><tr><td><\/td><\/tr><\/tbody><\/table><\/figure>\n\n\n\n<figure class=\"wp-block-table\"><table><tbody><tr><td class=\"has-text-align-center\" data-align=\"center\"><img fetchpriority=\"high\" decoding=\"async\" src=\"https:\/\/image.s10.sfmc-content.com\/lib\/fe4015707564077f751273\/m\/1\/e39f676e-f4bf-4785-99fc-553756392053.jpg\" width=\"600\" height=\"307\"><\/td><\/tr><\/tbody><\/table><\/figure>\n\n\n\n<figure class=\"wp-block-table\"><table><tbody><tr><td><\/td><\/tr><\/tbody><\/table><\/figure>\n\n\n\n<figure class=\"wp-block-table\"><table><tbody><tr><td><\/td><\/tr><\/tbody><\/table><\/figure>\n\n\n\n<figure class=\"wp-block-table\"><table><tbody><tr><td>Estimado cliente:<br><br>Le informamos los precios Solred a aplicar, que entrar\u00e1n en vigor a las <strong>00:00h del d\u00eda 02\/09\/2022<\/strong>.<br>Por favor, <a href=\"https:\/\/click.email.repsol.com\/?qs=7b42908e46646ef54cf317baa819dcd5cd0f81c64c06dfb7ac65a2723fe9e9cb187090f80a5fba7391b8418491fa670daca4c469a829ee4b9e0afa9d3250d8c0\" target=\"_blank\" rel=\"noreferrer noopener\">pulse aqu\u00ed<\/a> para conocerlos.<br><br><strong>Recuerde que dispone de un descuento adicional de 30 cts. \u20ac\/litro hasta el 15 de septiembre, pagando con Waylet o Solred.<\/strong><br><br><br>Le recordamos que los descuentos generados en el mes de marzo se descontar\u00e1n de la factura de abril.<br>Utilice el Portal Solred Directo para modificar los l\u00edmites comerciales de sus tarjetas y cuentas.<br><br>Un cordial saludo.<\/td><\/tr><\/tbody><\/table><\/figure>\n\n\n\n<figure class=\"wp-block-table\"><table><tbody><tr><td><\/td><\/tr><\/tbody><\/table><\/figure>\n\n\n\n<figure class=\"wp-block-table\"><table><tbody><tr><td><img loading=\"lazy\" decoding=\"async\" src=\"https:\/\/image.s10.sfmc-content.com\/lib\/fe4015707564077f751273\/m\/1\/d52d7574-e143-43a6-80fc-1197b2f2aba7.png\" width=\"145\" height=\"46\"><\/td><\/tr><\/tbody><\/table><\/figure>\n\n\n\n<figure class=\"wp-block-table\"><table><tbody><tr><td>Si Ud. ha cambiado de tipo de precio a lo largo del mes, tenga en cuenta que SOLRED aplicar\u00e1 en factura el nuevo tipo de precio desde el d\u00eda 1 del mes en curso.<br><br>Esta comunicaci\u00f3n ha sido realizada por Solred, S.A. en ejecuci\u00f3n del Contrato de uso de la tarjeta Solred que tiene suscrito con dicha entidad<br><br>AVISO LEGAL: Este correo electr\u00f3nico contiene informaci\u00f3n privada y confidencial y est\u00e1 dirigido \u00fanicamente a su destinatario. Si usted no es el destinatario original de este mensaje y por este medio pudo acceder a dicha informaci\u00f3n, por favor, elimine el mensaje. Sin perjuicio de lo establecido en la legislaci\u00f3n vigente, cualquier divulgaci\u00f3n o uso del mismo o de su contenido para fines distintos de aquellos para los que Repsol ha permitido su acceso, est\u00e1 terminantemente prohibido. Esta comunicaci\u00f3n es solo para prop\u00f3sitos de informaci\u00f3n y no deber\u00eda ser considerada como una declaraci\u00f3n oficial de Repsol. La transmisi\u00f3n del correo electr\u00f3nico no garantiza que sea seguro o est\u00e9 libre de error. Por consiguiente, no manifestamos que esta informaci\u00f3n sea completa o precisa. Toda la informaci\u00f3n est\u00e1 sujeta a alterarse sin previo aviso.<\/td><\/tr><\/tbody><\/table><\/figure>\n","protected":false},"excerpt":{"rendered":"<p>Notificaci\u00f3n de preciosFENATPORT Estimado cliente: Le informamos los precios Solred a aplicar, que entrar\u00e1n en vigor a las 00:00h del d\u00eda 02\/09\/2022.Por favor, pulse aqu\u00ed para conocerlos. Recuerde que dispone de un descuento adicional de 30 cts. \u20ac\/litro hasta el 15 de septiembre, pagando con Waylet o Solred. Le recordamos que los descuentos generados en [&hellip;]<\/p>\n","protected":false},"author":1,"featured_media":0,"parent":0,"menu_order":0,"comment_status":"closed","ping_status":"closed","template":"","meta":{"footnotes":""},"class_list":["post-98","page","type-page","status-publish","hentry"],"_links":{"self":[{"href":"https:\/\/ctlevante.es\/index.php?rest_route=\/wp\/v2\/pages\/98","targetHints":{"allow":["GET"]}}],"collection":[{"href":"https:\/\/ctlevante.es\/index.php?rest_route=\/wp\/v2\/pages"}],"about":[{"href":"https:\/\/ctlevante.es\/index.php?rest_route=\/wp\/v2\/types\/page"}],"author":[{"embeddable":true,"href":"https:\/\/ctlevante.es\/index.php?rest_route=\/wp\/v2\/users\/1"}],"replies":[{"embeddable":true,"href":"https:\/\/ctlevante.es\/index.php?rest_route=%2Fwp%2Fv2%2Fcomments&post=98"}],"version-history":[{"count":49,"href":"https:\/\/ctlevante.es\/index.php?rest_route=\/wp\/v2\/pages\/98\/revisions"}],"predecessor-version":[{"id":356,"href":"https:\/\/ctlevante.es\/index.php?rest_route=\/wp\/v2\/pages\/98\/revisions\/356"}],"wp:attachment":[{"href":"https:\/\/ctlevante.es\/index.php?rest_route=%2Fwp%2Fv2%2Fmedia&parent=98"}],"curies":[{"name":"wp","href":"https:\/\/api.w.org\/{rel}","templated":true}]}}